{"id":930,"date":"2024-04-24T11:52:06","date_gmt":"2024-04-24T09:52:06","guid":{"rendered":"https:\/\/mediversalvision.hu\/?page_id=930"},"modified":"2024-04-24T11:52:06","modified_gmt":"2024-04-24T09:52:06","slug":"koszonjuk-hirlevel","status":"publish","type":"page","link":"https:\/\/mediversalvision.hu\/en\/koszonjuk-hirlevel\/","title":{"rendered":"K\u00f6sz\u00f6nj\u00fck a feliratkoz\u00e1st"},"content":{"rendered":"","protected":false},"excerpt":{"rendered":"","protected":false},"author":2,"featured_media":552,"parent":0,"menu_order":0,"comment_status":"closed","ping_status":"closed","template":"","meta":{"_acf_changed":false,"footnotes":""},"class_list":["post-930","page","type-page","status-publish","has-post-thumbnail","hentry"],"acf":[],"_links":{"self":[{"href":"https:\/\/mediversalvision.hu\/en\/wp-json\/wp\/v2\/pages\/930","targetHints":{"allow":["GET"]}}],"collection":[{"href":"https:\/\/mediversalvision.hu\/en\/wp-json\/wp\/v2\/pages"}],"about":[{"href":"https:\/\/mediversalvision.hu\/en\/wp-json\/wp\/v2\/types\/page"}],"author":[{"embeddable":true,"href":"https:\/\/mediversalvision.hu\/en\/wp-json\/wp\/v2\/users\/2"}],"replies":[{"embeddable":true,"href":"https:\/\/mediversalvision.hu\/en\/wp-json\/wp\/v2\/comments?post=930"}],"version-history":[{"count":1,"href":"https:\/\/mediversalvision.hu\/en\/wp-json\/wp\/v2\/pages\/930\/revisions"}],"predecessor-version":[{"id":931,"href":"https:\/\/mediversalvision.hu\/en\/wp-json\/wp\/v2\/pages\/930\/revisions\/931"}],"wp:featuredmedia":[{"embeddable":true,"href":"https:\/\/mediversalvision.hu\/en\/wp-json\/wp\/v2\/media\/552"}],"wp:attachment":[{"href":"https:\/\/mediversalvision.hu\/en\/wp-json\/wp\/v2\/media?parent=930"}],"curies":[{"name":"wp","href":"https:\/\/api.w.org\/{rel}","templated":true}]}}