{"id":1076,"date":"2025-08-01T11:55:37","date_gmt":"2025-08-01T09:55:37","guid":{"rendered":"https:\/\/mediversalvision.hu\/?page_id=1076"},"modified":"2026-01-23T09:52:47","modified_gmt":"2026-01-23T08:52:47","slug":"idopontfoglalas-altalanos-szemeszet","status":"publish","type":"page","link":"https:\/\/mediversalvision.hu\/sr\/idopontfoglalas-altalanos-szemeszet\/","title":{"rendered":"Id\u0151pontfoglal\u00e1s &#8211; \u00c1ltal\u00e1nos szem\u00e9szet"},"content":{"rendered":"","protected":false},"excerpt":{"rendered":"","protected":false},"author":2,"featured_media":1126,"parent":0,"menu_order":0,"comment_status":"closed","ping_status":"closed","template":"idopontfoglalas_altszemeszet.php","meta":{"_acf_changed":false,"footnotes":""},"class_list":["post-1076","page","type-page","status-publish","has-post-thumbnail","hentry"],"acf":[],"_links":{"self":[{"href":"https:\/\/mediversalvision.hu\/sr\/wp-json\/wp\/v2\/pages\/1076","targetHints":{"allow":["GET"]}}],"collection":[{"href":"https:\/\/mediversalvision.hu\/sr\/wp-json\/wp\/v2\/pages"}],"about":[{"href":"https:\/\/mediversalvision.hu\/sr\/wp-json\/wp\/v2\/types\/page"}],"author":[{"embeddable":true,"href":"https:\/\/mediversalvision.hu\/sr\/wp-json\/wp\/v2\/users\/2"}],"replies":[{"embeddable":true,"href":"https:\/\/mediversalvision.hu\/sr\/wp-json\/wp\/v2\/comments?post=1076"}],"version-history":[{"count":10,"href":"https:\/\/mediversalvision.hu\/sr\/wp-json\/wp\/v2\/pages\/1076\/revisions"}],"predecessor-version":[{"id":1300,"href":"https:\/\/mediversalvision.hu\/sr\/wp-json\/wp\/v2\/pages\/1076\/revisions\/1300"}],"wp:featuredmedia":[{"embeddable":true,"href":"https:\/\/mediversalvision.hu\/sr\/wp-json\/wp\/v2\/media\/1126"}],"wp:attachment":[{"href":"https:\/\/mediversalvision.hu\/sr\/wp-json\/wp\/v2\/media?parent=1076"}],"curies":[{"name":"wp","href":"https:\/\/api.w.org\/{rel}","templated":true}]}}