{"id":1078,"date":"2025-08-01T11:55:52","date_gmt":"2025-08-01T09:55:52","guid":{"rendered":"https:\/\/mediversalvision.hu\/?page_id=1078"},"modified":"2025-08-04T09:04:03","modified_gmt":"2025-08-04T07:04:03","slug":"idopontfoglalas-lezeres-szemmutet","status":"publish","type":"page","link":"https:\/\/mediversalvision.hu\/sr\/idopontfoglalas-lezeres-szemmutet\/","title":{"rendered":"Id\u0151pontfoglal\u00e1s &#8211; L\u00e9zeres szemm\u0171t\u00e9t"},"content":{"rendered":"<script src='https:\/\/app.valuebot.io\/asset\/widget2.min.js'><\/script>\n<div id='portal_widget' style='width:100%;height:500px'><\/div>\n\n<script>\nvar genParams = function(params) {\n    if (!params || Object.keys(params).length === 0) return '';\n    return Object.entries(params).reduce((acc, [key, value], index) => {\n        const prefix = index === 0 ? '?' : '&';\n        const encodedKey = encodeURIComponent(key);\n        const encodedValue = encodeURIComponent(value);\n        return acc + prefix + encodedKey + '=' + encodedValue;\n    }, '');\n};\n\nvar params = {\n    \"Klinika\": \"Vision - L\u00e9zeres l\u00e1t\u00e1sjav\u00edt\u00e1s\",\n    \"J\u00e1r\u00f3beteg-ell\u00e1t\u00e1s\": \"Els\u0151 vizsg\u00e1lat\"\n};\n\nvar vb = new Valuebot.Widget({\n    target: 'portal_widget',\n    height: '100%',\n    width: '100%',\n    chatbot: 'https:\/\/app.valuebot.io\/portal\/embed\/67aaf375f5f95450fa1b452czSANzMDz' + genParams(params)\n});\n\nvb.on('redirect', e => {\n    let url = ((e || {}).detail || {}).url;\n    if (url && window) window.location.href = url;\n});\n\nvb.on('loaded', e => {\n      let widget = document.querySelector(\"#portal_widget\");\n      let contentHeight = ((e || {}).detail || {}).contentHeight;\n      if (contentHeight) widget.style.height = contentHeight + \"px\";\n});\n<\/script>","protected":false},"excerpt":{"rendered":"","protected":false},"author":2,"featured_media":0,"parent":0,"menu_order":0,"comment_status":"closed","ping_status":"closed","template":"idopontfoglalas_lezeres.php","meta":{"_acf_changed":false,"footnotes":""},"class_list":["post-1078","page","type-page","status-publish","hentry"],"acf":[],"_links":{"self":[{"href":"https:\/\/mediversalvision.hu\/sr\/wp-json\/wp\/v2\/pages\/1078","targetHints":{"allow":["GET"]}}],"collection":[{"href":"https:\/\/mediversalvision.hu\/sr\/wp-json\/wp\/v2\/pages"}],"about":[{"href":"https:\/\/mediversalvision.hu\/sr\/wp-json\/wp\/v2\/types\/page"}],"author":[{"embeddable":true,"href":"https:\/\/mediversalvision.hu\/sr\/wp-json\/wp\/v2\/users\/2"}],"replies":[{"embeddable":true,"href":"https:\/\/mediversalvision.hu\/sr\/wp-json\/wp\/v2\/comments?post=1078"}],"version-history":[{"count":3,"href":"https:\/\/mediversalvision.hu\/sr\/wp-json\/wp\/v2\/pages\/1078\/revisions"}],"predecessor-version":[{"id":1158,"href":"https:\/\/mediversalvision.hu\/sr\/wp-json\/wp\/v2\/pages\/1078\/revisions\/1158"}],"wp:attachment":[{"href":"https:\/\/mediversalvision.hu\/sr\/wp-json\/wp\/v2\/media?parent=1078"}],"curies":[{"name":"wp","href":"https:\/\/api.w.org\/{rel}","templated":true}]}}