{"id":16,"date":"2023-04-17T09:40:40","date_gmt":"2023-04-17T07:40:40","guid":{"rendered":"https:\/\/mediversal-vision.roi.dev\/?page_id=16"},"modified":"2025-08-04T13:30:02","modified_gmt":"2025-08-04T11:30:02","slug":"gyakran-ismetelt-kerdesek","status":"publish","type":"page","link":"https:\/\/mediversalvision.hu\/sr\/gyakran-ismetelt-kerdesek\/","title":{"rendered":"\u010cesta pitanja"},"content":{"rendered":"<p>Ezen az oldalon \u00f6sszegy\u0171jt\u00f6tt\u00fck a leggyakoribb k\u00e9rd\u00e9seket \u00e9s v\u00e1laszokat a k\u00fcl\u00f6nb\u00f6z\u0151 t\u00edpus\u00fa szemm\u0171t\u00e9tekr\u0151l. Seg\u00edts\u00e9get ny\u00fajtunk abban, hogy jobban meg\u00e9rthesse a beavatkoz\u00e1sok menet\u00e9t, kock\u00e1zatait \u00e9s v\u00e1rhat\u00f3 eredm\u00e9nyeit.<\/p>","protected":false},"excerpt":{"rendered":"<p>Ezen az oldalon \u00f6sszegy\u0171jt\u00f6tt\u00fck a leggyakoribb k\u00e9rd\u00e9seket \u00e9s v\u00e1laszokat a k\u00fcl\u00f6nb\u00f6z\u0151 t\u00edpus\u00fa szemm\u0171t\u00e9tekr\u0151l. Seg\u00edts\u00e9get ny\u00fajtunk abban, hogy jobban meg\u00e9rthesse a beavatkoz\u00e1sok menet\u00e9t, kock\u00e1zatait \u00e9s v\u00e1rhat\u00f3 eredm\u00e9nyeit.<\/p>","protected":false},"author":2,"featured_media":1237,"parent":0,"menu_order":0,"comment_status":"closed","ping_status":"closed","template":"gyik.php","meta":{"_acf_changed":false,"footnotes":""},"class_list":["post-16","page","type-page","status-publish","has-post-thumbnail","hentry"],"acf":[],"_links":{"self":[{"href":"https:\/\/mediversalvision.hu\/sr\/wp-json\/wp\/v2\/pages\/16","targetHints":{"allow":["GET"]}}],"collection":[{"href":"https:\/\/mediversalvision.hu\/sr\/wp-json\/wp\/v2\/pages"}],"about":[{"href":"https:\/\/mediversalvision.hu\/sr\/wp-json\/wp\/v2\/types\/page"}],"author":[{"embeddable":true,"href":"https:\/\/mediversalvision.hu\/sr\/wp-json\/wp\/v2\/users\/2"}],"replies":[{"embeddable":true,"href":"https:\/\/mediversalvision.hu\/sr\/wp-json\/wp\/v2\/comments?post=16"}],"version-history":[{"count":3,"href":"https:\/\/mediversalvision.hu\/sr\/wp-json\/wp\/v2\/pages\/16\/revisions"}],"predecessor-version":[{"id":1239,"href":"https:\/\/mediversalvision.hu\/sr\/wp-json\/wp\/v2\/pages\/16\/revisions\/1239"}],"wp:featuredmedia":[{"embeddable":true,"href":"https:\/\/mediversalvision.hu\/sr\/wp-json\/wp\/v2\/media\/1237"}],"wp:attachment":[{"href":"https:\/\/mediversalvision.hu\/sr\/wp-json\/wp\/v2\/media?parent=16"}],"curies":[{"name":"wp","href":"https:\/\/api.w.org\/{rel}","templated":true}]}}